{"id":61,"date":"2021-01-13T19:42:39","date_gmt":"2021-01-13T19:42:39","guid":{"rendered":"https:\/\/talvideo.de\/index.php\/one-page-express-pro\/"},"modified":"2023-03-28T10:59:59","modified_gmt":"2023-03-28T10:59:59","slug":"one-page-express-pro","status":"publish","type":"page","link":"https:\/\/talvideo.de\/","title":{"rendered":"home"},"content":{"rendered":"<div  data-label=\"About\" data-id=\"about-big-images-section\" data-category=\"about\" class=\"about-big-images-section\" id=\"about-1\" style=\"background-color: rgb(255, 255, 255); background-image: none;\" data-ovid=\"ovid-about-1-440\"> <div  class=\"gridContainer\"> <div  class=\"about-big-images-textrow\"> <div  class=\"about-big-images-textcol dynamic-color\" data-type=\"column\"> <h5  class=\"\">IMAGEFILM | PRODUKTVIDEO | VIDEOREPORTAGE<\/h5> <h3  class=\"\">Zeig <span  href=\"#\" class=\"span25\">wer du bist,<\/span> mit einer authentischen <span  style=\"font-family: Playfair Display, arial, helvetica, sans-serif; font-weight: 400; font-style: italic;\">Geschichte <\/span>\u00fcber dich oder dein Unternehmen.<\/h3> <p  class=\"\">Als professioneller Videofilmer aus Wuppertal biete ich dir eine ma\u00dfgeschneiderte L\u00f6sung f\u00fcr deinen individuellen Film. Mit meiner modernen Technologie und meinem tiefen Verst\u00e4ndnis f\u00fcr effektive und ansprechende Videos gestalte ich dein Projekt auf eine emotionale und fesselnde Art und Weise. Eine enge Zusammenarbeit und die Umsetzung deiner Vorstellungen sind mir dabei besonders wichtig.\n<br ><br >Ich verf\u00fcge \u00fcber viel Erfahrung im Umgang mit verschiedenen Produkten und Branchen und kann somit deine Anforderungen optimal umsetzen. Ob es um ein Produkt im Bereich der Technologie, Gesundheit oder Freizeit geht, ich hole das Beste aus deinem Produkt heraus.<br >\nLass mich dir helfen, deine Idee zum Leben zu erwecken und die Aufmerksamkeit deiner Zielgruppe zu gewinnen. Kontaktiere mich jetzt und wir werden gemeinsam deinen erfolgreichen Film erstellen.<\/p>  <\/div> <\/div> <\/div> <div  class=\"about-big-images-bottomrow\"> <div  class=\"about-big-images-leftimgcol\"><img  decoding=\"async\" class=\"about-big-images-leftimg\" src=\"https:\/\/talvideo.de\/wp-content\/plugins\/one-page-express-companion\/theme-data\/one-page-express\/sections\/images\/nordwood-themes-180852.jpg\"> <\/div> <div  class=\"about-big-images-centerimgcol\"><img  decoding=\"async\" class=\"about-big-images-centerimg\" src=\"https:\/\/talvideo.de\/wp-content\/plugins\/one-page-express-companion\/theme-data\/one-page-express\/sections\/images\/ir5likvfqc4-william-iven-1920x1275.jpg\"> <\/div> <div  class=\"about-big-images-rightimgcol\"><img  decoding=\"async\" class=\"about-big-images-rightimg\" src=\"https:\/\/talvideo.de\/wp-content\/plugins\/one-page-express-companion\/theme-data\/one-page-express\/sections\/images\/project1.jpg\"> <\/div> <\/div> <\/div><div  data-label=\"Produktfilm\" data-id=\"content-video-right-3\" data-category=\"content\" class=\"content-right-video-section content-video-right-3\" id=\"produktfilm\" style=\"background-color: rgb(246, 246, 246); background-image: none;\" data-ovid=\"ovid-produktfilm-1551\"> <div  class=\"gridContainer\"> <div  class=\"content-left-video-innerrow\"> <div  class=\"content-right-video-textcol dynamic-color\" data-type=\"column\"> <h2  class=\"\">Produktvorstellung<\/h2> <p  class=\"\">Erleben Sie Ihre Produkte in einem neuen Licht! Als erfahrener und kreativer Videofilmer biete ich Ihnen die M\u00f6glichkeit, Ihre Waren auf eine emotionale und fesselnde Art und Weise zu pr\u00e4sentieren.<br >\nGemeinsam mit Ihnen entwickle ich eine einzigartige Konzeption, die Ihre Produkte in Szene setzt und ihre besonderen Eigenschaften und Vorteile hervorhebt. Mit meinen F\u00e4higkeiten in der Filmproduktion und meinem Gesp\u00fcr f\u00fcr \u00c4sthetik und Emotionen erschaffe ich Videos, die Ihre Kunden begeistern und ber\u00fchren werden.<br >\nOb es sich um ein technisches Produkt, Mode oder eine andere Ware handelt \u2013 ich setze Ihre Produkte ins rechte Licht und sorge daf\u00fcr, dass sie aus der Masse herausstechen. Mit meiner Leidenschaft f\u00fcr das Filmemachen und meiner Hingabe f\u00fcr jedes Projekt, kreiere ich einzigartige und unvergessliche Videos, die Ihren Kunden im Ged\u00e4chtnis bleiben.<br >\n\u00dcberzeugen Sie sich selbst von meinem K\u00f6nnen und lassen Sie uns gemeinsam Ihre Produkte in ein neues Licht r\u00fccken. Kontaktieren Sie mich jetzt und lassen Sie uns Ihre Visionen in die Realit\u00e4t umsetzen!<\/p><a  class=\"button blue\" href=\"#\">START FREE TRIAL<\/a> <\/div> <div  class=\"content-left-video-imgcol\" data-type=\"group\" data-bg=\"image\" style=\"background-image: url(&quot;https:\/\/talvideo.de\/wp-content\/uploads\/2023\/03\/fahrradtraeger.jpg&quot;);\"> <a  data-fancybox=\"\" href=\"https:\/\/talvideo.de\/wp-content\/uploads\/2023\/03\/eal-fahrradtraeger.mp4\" data-video-lightbox=\"true\" class=\"\"><i  data-cp-fa=\"true\" class=\"font-video-icon fa fa-play-circle-o color6\"><\/i><\/a> <\/div> <\/div> <\/div><\/div><div  data-label=\"Imagefilm\" data-id=\"content-video-right\" data-category=\"content\" class=\"content-right-video-section content-video-right\" id=\"imagefilm\" style=\"background-color: rgb(246, 246, 246); background-image: none;\" data-ovid=\"ovid-imagefilm-1522\"> <div  class=\"gridContainer\"> <div  class=\"content-left-video-innerrow\"> <div  class=\"content-right-video-textcol dynamic-color\" data-type=\"column\"> <h2  class=\"\">Imagefilm Zahnarzt<\/h2> <p  class=\"\">Ihr Unternehmen hat eine einzigartige Geschichte und Pers\u00f6nlichkeit, die es verdient, in einem beeindruckenden Imagefilm festgehalten zu werden \u2013 auch mit kleinem Budget!<br >\nAls erfahrener und kreativer Videofilmer biete ich kleinen Unternehmen in Deutschland die M\u00f6glichkeit, sich mit einem professionell produzierten Imagefilm von der Konkurrenz abzuheben. Egal ob es sich um eine kleine B\u00e4ckerei, einen Handwerksbetrieb oder eine Dienstleistungsfirma handelt \u2013 ich setze Ihre Geschichte in Szene und verleihe Ihrem Unternehmen eine individuelle Identit\u00e4t.<br >\nDabei achte ich darauf, dass der Imagefilm zu Ihrem Budget passt und dennoch h\u00f6chste Qualit\u00e4t und Kreativit\u00e4t bietet. Ich nutze meine F\u00e4higkeiten in der Filmproduktion und meine Leidenschaft f\u00fcr das Geschichtenerz\u00e4hlen, um einen Film zu erschaffen, der Ihre Kunden ber\u00fchrt und beeindruckt.<br >\nMit einem Imagefilm von mir gewinnen Sie die Aufmerksamkeit potenzieller Kunden und k\u00f6nnen Ihr Unternehmen authentisch und wirkungsvoll pr\u00e4sentieren. Lassen Sie uns gemeinsam Ihre Geschichte erz\u00e4hlen und Ihre Marke bekannt machen \u2013 kontaktieren Sie mich jetzt und lassen Sie uns Ihr Unternehmen in Szene setzen!<\/p><a class=\"button color1\" href=\"https:\/\/www.zahnarzt-dr-rick.de\" target=\"_blank\" data-icon=\"\" rel=\"noopener\">Zahnarztpraxis Dr. Rick<\/a> <\/div> <div  class=\"content-left-video-imgcol\" data-type=\"group\" data-bg=\"image\" style=\"background-image: url(&quot;https:\/\/talvideo.de\/wp-content\/uploads\/2023\/03\/zahnarzt.jpg&quot;);\"> <a  data-fancybox=\"\" href=\"https:\/\/www.talvideo.de\/video\/zahnarzt-imagefilm.mp4\" data-video-lightbox=\"true\" class=\"\"><i  data-cp-fa=\"true\" class=\"font-video-icon fa fa-play-circle-o color6\"><\/i><\/a> <\/div> <\/div> <\/div><\/div><div  data-label=\"Content\" data-id=\"content-video-right-1\" data-category=\"content\" class=\"content-right-video-section content-video-right-1\" id=\"content-2\" style=\"background-color: rgb(246, 246, 246);\"> <div  class=\"gridContainer\"> <div  class=\"content-left-video-innerrow\"> <div  class=\"content-right-video-textcol dynamic-color\" data-type=\"column\"> <h2  class=\"\">Dokumentation Event<\/h2> <p  class=\"\">Jede Veranstaltung erz\u00e4hlt eine Geschichte und verdient es, festgehalten zu werden!<br >\nOb es sich um eine Konferenz, ein Seminar oder ein kleines Firmenevent handelt, ich fange die Stimmung und Emotionen ein und verleihe Ihrem Unternehmen eine individuelle Identit\u00e4t. Mit einem Veranstaltungsfilm von mir k\u00f6nnen Sie Ihre Erfolge teilen und Ihren Kunden die besonderen Momente Ihres Unternehmens zeigen.<br >\nGemeinsam k\u00f6nnen wir Ihre Veranstaltung in Szene setzen und Ihrem Unternehmen eine bleibende Erinnerung schaffen. Lassen Sie uns zusammenarbeiten und Ihre Veranstaltung in einem einzigartigen Film festhalten.<\/p><a  class=\"button blue\" href=\"#\">START FREE TRIAL<\/a> <\/div> <div  class=\"content-left-video-imgcol\" data-type=\"group\" data-bg=\"image\" style=\"background-image: url(&quot;https:\/\/talvideo.de\/wp-content\/uploads\/2023\/03\/coroplast.jpg&quot;);\"> <a  data-fancybox=\"\" href=\"https:\/\/talvideo.de\/wp-content\/uploads\/2023\/03\/coroplast.mp4\" data-video-lightbox=\"true\" class=\"\"><i  data-cp-fa=\"true\" class=\"font-video-icon fa fa-play-circle-o color6\"><\/i><\/a> <\/div> <\/div> <\/div><\/div><div  data-label=\"Content\" data-id=\"content-video-right-4\" data-category=\"content\" class=\"content-right-video-section content-video-right-4\" id=\"content-5\" style=\"background-color: rgb(246, 246, 246);\"> <div  class=\"gridContainer\"> <div  class=\"content-left-video-innerrow\"> <div  class=\"content-right-video-textcol dynamic-color\" data-type=\"column\"> <h2  class=\"\">Das Interview<\/h2> <p  class=\"\">Lorem ipsum dolor sit amet, consectetur adipisicing elit, sed do eiusmod tempor incididunt ut labore et dolore magna aliqua. Ut enim ad minim veniam, quis nostrud exercitation ullamco laboris nisi ut aliquip ex ea commodo consequat.<\/p><a  class=\"button blue\" href=\"#\">START FREE TRIAL<\/a> <\/div> <div  class=\"content-left-video-imgcol\" data-type=\"group\" data-bg=\"image\" style=\"background-image: url(&quot;https:\/\/talvideo.de\/wp-content\/uploads\/2023\/03\/interview1.jpg&quot;);\"> <a  data-fancybox=\"\" href=\"https:\/\/talvideo.de\/kornit_mitarbeiter1.mp4\" data-video-lightbox=\"true\"><i  data-cp-fa=\"true\" class=\"font-video-icon fa fa-play-circle-o color6\"><\/i><\/a> <\/div> <\/div> <\/div><\/div><div  data-label=\"Content\" data-id=\"content-video-right-5\" data-category=\"content\" class=\"content-right-video-section content-video-right-5\" id=\"content-1\" style=\"background-color: rgb(246, 246, 246);\"> <div  class=\"gridContainer\"> <div  class=\"content-left-video-innerrow\"> <div  class=\"content-right-video-textcol dynamic-color\" data-type=\"column\"> <h2  class=\"\">Imagefilm mit H\u00fchnern<\/h2> <p  class=\"\">Lorem ipsum dolor sit amet, consectetur adipisicing elit, sed do eiusmod tempor incididunt ut labore et dolore magna aliqua. Ut enim ad minim veniam, quis nostrud exercitation ullamco laboris nisi ut aliquip ex ea commodo consequat.<\/p><a  class=\"button blue\" href=\"#\">START FREE TRIAL<\/a> <\/div> <div  class=\"content-left-video-imgcol\" data-type=\"group\" data-bg=\"image\" style=\"background-image: url(&quot;https:\/\/talvideo.de\/wp-content\/uploads\/2023\/03\/farmfreunde.jpg&quot;);\"> <a  data-fancybox=\"\" href=\"https:\/\/talvideo.de\/wp-content\/uploads\/2023\/03\/farmfreunde.mp4\" data-video-lightbox=\"true\" class=\"\"><i  data-cp-fa=\"true\" class=\"font-video-icon fa fa-play-circle-o color6\"><\/i><\/a> <\/div> <\/div> <\/div><\/div><div  data-label=\"Content\" data-id=\"content-video-right-2\" data-category=\"content\" class=\"content-right-video-section content-video-right-2\" id=\"content-4\" style=\"background-color: rgb(255, 255, 255);\"> <div  class=\"gridContainer\"> <div  class=\"content-left-video-innerrow\"> <div  class=\"content-right-video-textcol dynamic-color\" data-type=\"column\"> <h2  class=\"\">Konzertmitschnitt<\/h2> <p  class=\"\">Lorem ipsum dolor sit amet, consectetur adipisicing elit, sed do eiusmod tempor incididunt ut labore et dolore magna aliqua. Ut enim ad minim veniam, quis nostrud exercitation ullamco laboris nisi ut aliquip ex ea commodo consequat.<\/p><a  class=\"button blue\" href=\"#\">START FREE TRIAL<\/a> <\/div> <div  class=\"content-left-video-imgcol\" data-type=\"group\" data-bg=\"image\" style=\"background-image: url(&quot;https:\/\/talvideo.de\/wp-content\/uploads\/2023\/03\/konzert.jpg&quot;);\"> <a  data-fancybox=\"\" href=\"https:\/\/talvideo.de\/wp-content\/uploads\/2023\/03\/konzert-mozart.mp4\" data-video-lightbox=\"true\" class=\"\"><i  data-cp-fa=\"true\" class=\"font-video-icon fa fa-play-circle-o color6\"><\/i><\/a> <\/div> <\/div> <\/div><\/div>","protected":false},"excerpt":{"rendered":"<p>IMAGEFILM | PRODUKTVIDEO | VIDEOREPORTAGE Zeig wer du bist, mit einer authentischen Geschichte \u00fcber dich oder dein Unternehmen. Als professioneller Videofilmer aus Wuppertal biete ich dir eine ma\u00dfgeschneiderte L\u00f6sung f\u00fcr deinen individuellen Film. Mit meiner modernen Technologie und meinem tiefen Verst\u00e4ndnis f\u00fcr effektive und ansprechende Videos gestalte ich dein Projekt auf eine emotionale und fesselnde&hellip; <br \/> <a class=\"button small blue\" href=\"https:\/\/talvideo.de\/index.php\/2021\/01\/13\/hello-world\/\">Weiterlesen<\/a><\/p>\n","protected":false},"author":1,"featured_media":0,"parent":0,"menu_order":0,"comment_status":"closed","ping_status":"closed","template":"","meta":{"_eb_attr":"","footnotes":""},"class_list":["post-61","page","type-page","status-publish","hentry"],"_links":{"self":[{"href":"https:\/\/talvideo.de\/index.php\/wp-json\/wp\/v2\/pages\/61","targetHints":{"allow":["GET"]}}],"collection":[{"href":"https:\/\/talvideo.de\/index.php\/wp-json\/wp\/v2\/pages"}],"about":[{"href":"https:\/\/talvideo.de\/index.php\/wp-json\/wp\/v2\/types\/page"}],"author":[{"embeddable":true,"href":"https:\/\/talvideo.de\/index.php\/wp-json\/wp\/v2\/users\/1"}],"replies":[{"embeddable":true,"href":"https:\/\/talvideo.de\/index.php\/wp-json\/wp\/v2\/comments?post=61"}],"version-history":[{"count":33,"href":"https:\/\/talvideo.de\/index.php\/wp-json\/wp\/v2\/pages\/61\/revisions"}],"predecessor-version":[{"id":144,"href":"https:\/\/talvideo.de\/index.php\/wp-json\/wp\/v2\/pages\/61\/revisions\/144"}],"wp:attachment":[{"href":"https:\/\/talvideo.de\/index.php\/wp-json\/wp\/v2\/media?parent=61"}],"curies":[{"name":"wp","href":"https:\/\/api.w.org\/{rel}","templated":true}]}}